{"id":109,"date":"2012-09-14T14:43:12","date_gmt":"2012-09-14T14:43:12","guid":{"rendered":"http:\/\/portosalvo.infor-media.dyndns.org\/?page_id=109"},"modified":"2019-11-30T01:07:21","modified_gmt":"2019-11-30T00:07:21","slug":"immagini","status":"publish","type":"page","link":"https:\/\/portosalvosiderno.it\/index.php\/immagini","title":{"rendered":"Immagini varie"},"content":{"rendered":"<p><span style=\"font-size: 14px;\"><strong><span style=\"color: #0000ff;\"><span style=\"text-decoration: underline;\"><span style=\"text-decoration: underline;\">Pasqua 2012<\/span><\/span> &nbsp;&nbsp;&nbsp;&nbsp;&nbsp;&nbsp;&nbsp;&nbsp;&nbsp;&nbsp;&nbsp;&nbsp;&nbsp;&nbsp;&nbsp;&nbsp;&nbsp;&nbsp;&nbsp;&nbsp;&nbsp;&nbsp;&nbsp;&nbsp;&nbsp;&nbsp;&nbsp;&nbsp;&nbsp;&nbsp;&nbsp;&nbsp;&nbsp;&nbsp;&nbsp;&nbsp;&nbsp;&nbsp;&nbsp;&nbsp;&nbsp;&nbsp;&nbsp;&nbsp;&nbsp;&nbsp;&nbsp;&nbsp;&nbsp;&nbsp;&nbsp;&nbsp;&nbsp;&nbsp;&nbsp;&nbsp;&nbsp;&nbsp;&nbsp;&nbsp;&nbsp;&nbsp;&nbsp;&nbsp;&nbsp;&nbsp;&nbsp;&nbsp;&nbsp;&nbsp;&nbsp; <\/span><\/strong><\/span><\/p>\n<ul>\n<li><a href=\"https:\/\/portosalvosiderno.it\/Immagini\/Pasqua\/Pasqua_2012\/Giovedi_Santo_2012\/index.html\">Gioved\u00ec Santo 2012<\/a><\/li>\n<li><a href=\"https:\/\/portosalvosiderno.it\/Immagini\/Pasqua\/Pasqua_2012\/Venerdi_Santo_2012\/index.html\">Venerd\u00ec Santo 2012<\/a><\/li>\n<li><a href=\"https:\/\/portosalvosiderno.it\/Immagini\/Pasqua\/Pasqua_2012\/Sabato_Santo_2012\/index.html\">Sabato Santo 2012<\/a><\/li>\n<li><a href=\"https:\/\/portosalvosiderno.it\/Immagini\/Pasqua\/Pasqua_2012\/Domenica_di_ Risurrezione_2012\/index.html\">Domenica di risurrezione 2012<\/a><\/li>\n<\/ul>\n<p><span style=\"font-size: 14px;\"><strong><span style=\"color: #0000ff;\"><span style=\"text-decoration: underline;\"><span style=\"text-decoration: underline;\">Pasqua 2013<\/span><\/span><\/span><\/strong><\/span><\/p>\n<ul>\n<li><span style=\"font-size: 14px;\"><a href=\"https:\/\/portosalvosiderno.it\/Immagini\/Pasqua\/Pasqua%202013\/Gioved\u00ec%20Santo%202013\/index.html\"><span style=\"color: #000000;\">Gioved\u00ec Santo 2013<\/span><\/a><\/span><\/li>\n<li><a href=\"https:\/\/portosalvosiderno.it\/Immagini\/Pasqua\/Pasqua%202013\/Venerd\u00ec%20Santo%202013\/index.html\"><span style=\"font-size: 14px;\"><span style=\"color: #000000;\">Venerd\u00ec Santo 2013<\/span><\/span><\/a><\/li>\n<li><span style=\"font-size: 14px;\"><a href=\"https:\/\/portosalvosiderno.it\/Immagini\/Pasqua\/Pasqua%202013\/Sabato%20Santo%202013\/index.html\"><span style=\"color: #000000;\">Sabato Santo 2013<\/span><\/a><\/span><\/li>\n<li><span style=\"font-size: 14px;\"><a href=\"https:\/\/portosalvosiderno.it\/Immagini\/Pasqua\/Pasqua%202013\/Domenica%20di%20Pasqua%202013\/index.html\"><span style=\"color: #000000;\">Domenica di Pasqua 2013<\/span><\/a><\/span><\/li>\n<\/ul>\n<p><em><span style=\"color: #0000ff;\"><strong>Immagini varie 2013<\/strong><\/span><\/em><\/p>\n<ul>\n<li><a title=\"50\u00b0 Anniversario di servizio - MARIO MELECA\" href=\"https:\/\/portosalvosiderno.it\/Immagini\/Immagini%20varie\/50\u00b0%20Anniversario%20-%20Mario%20Meleca\/index.html\">50\u00b0 Anniversrio di servizio &#8211; MARIO MELECA (Il Sacrestano)<\/a><\/li>\n<li><a href=\"https:\/\/portosalvosiderno.it\/Immagini\/Immagini%20varie\/Benedizione%20Zainetti%202013\/index.html\"><span style=\"font-family: times new roman,times,serif;\"><span style=\"color: #000000;\"><span style=\"font-size: 14px;\">Benedizione degli Zainetti 2013<\/span><\/span><\/span><\/a><\/li>\n<\/ul>\n<p><span style=\"font-size: 14px;\"><strong><span style=\"color: #0000ff;\"><span style=\"text-decoration: underline;\"><span style=\"text-decoration: underline;\">Pasqua 2014<\/span><\/span><\/span><\/strong><\/span><\/p>\n<ul>\n<li><span style=\"font-size: 14px;\"><a href=\"https:\/\/portosalvosiderno.it\/Immagini\/Pasqua\/Pasqua%202014\/Gioved\u00ec%20Santo%202014\/index.html\"><span style=\"color: #000000;\">Gioved\u00ec Santo 2014<\/span><\/a><\/span><\/li>\n<li><span style=\"font-size: 14px;\"><a href=\"https:\/\/portosalvosiderno.it\/Immagini\/Pasqua\/Pasqua%202014\/Venerd%C3%AC%20Santo%202014\/index.html\"><span style=\"color: #000000;\">Venerd\u00ec Santo 2014<\/span><\/a><\/span><\/li>\n<li><span style=\"font-size: 14px;\"><a href=\"https:\/\/portosalvosiderno.it\/Immagini\/Pasqua\/Pasqua%202014\/Sabato%20Santo%202014\/index.html\"><span style=\"color: #000000;\">Sabato Santo 2014<\/span><\/a><\/span><\/li>\n<li><span style=\"font-size: 14px;\"><a href=\"https:\/\/portosalvosiderno.it\/Immagini\/Pasqua\/Pasqua%202014\/Pasqua%20di%20Risurrezione%202014\/index.html\"><span style=\"color: #000000;\">Domenica di Pasqua 2014<\/span><\/a><\/span><\/li>\n<\/ul>\n<p><em><span style=\"color: #0000ff;\"><strong>Immagini varie 2015<\/strong><\/span><\/em><\/p>\n<ul>\n<li><a href=\"https:\/\/portosalvosiderno.it\/Immagini\/Immagini%20varie\/Compleanno%20Don%20Cornelio%202015\/index.html\"><span style=\"color: #000000;\">Compleanno Don Cornelio 2015<\/span><\/a><\/li>\n<li><a href=\"https:\/\/portosalvosiderno.it\/Immagini\/Immagini%20varie\/Corso%20fidanzati%202015\/index.html\"><span style=\"color: #000000;\">Corso fidanzati 2015<\/span><\/a><\/li>\n<li><a href=\"https:\/\/portosalvosiderno.it\/Immagini\/Immagini%20varie\/Benedizione%20Zainetti%202015\/index.html\"><span style=\"color: #000000;\">Benedizione Zainetti 2015<\/span><\/a><\/li>\n<\/ul>\n<p><span style=\"color: #0000ff;\"><u><strong><span style=\"font-size: 14px;\">Pasqua 2015<\/span><\/strong><\/u><\/span><\/p>\n<ul>\n<li><span style=\"font-size: 14px;\"><a href=\"https:\/\/portosalvosiderno.it\/Immagini\/Pasqua\/Pasqua%202015\/Giovedi%20Santo%202015\/index.html\"><span style=\"color: #000000;\">Gioved\u00ec Santo 2015<\/span><\/a><\/span><\/li>\n<li><span style=\"font-size: 14px;\"><a href=\"https:\/\/portosalvosiderno.it\/Immagini\/Pasqua\/Pasqua%202015\/Venerdi%20Santo%202015\/index.html\"><span style=\"color: #000000;\">Venerd\u00ec Santo 2015<\/span><\/a><\/span><\/li>\n<li><span style=\"font-size: 14px;\"><a href=\"https:\/\/portosalvosiderno.it\/Immagini\/Pasqua\/Pasqua%202015\/Sabato%20Santo%202015\/index.html\"><span style=\"color: #000000;\">Sabato Santo 2015<\/span><\/a><\/span><\/li>\n<li><span style=\"font-size: 14px;\"><a href=\"https:\/\/portosalvosiderno.it\/Immagini\/Pasqua\/Pasqua%202015\/Pasqua%20di%20Resurrezione%202015\/index.html\"><span style=\"color: #000000;\">Domenica di Pasqua 2015<\/span><\/a><\/span><\/li>\n<\/ul>\n<p><span style=\"font-size: 12pt; color: #0000ff;\"><u><strong>Pasqua 2019<\/strong><\/u><\/span><\/p>\n<ul style=\"list-style-type: disc;\">\n<li><span style=\"color: #000000;\"><a style=\"color: #000000;\" href=\"https:\/\/portosalvosiderno.it\/Immagini\/Pasqua\/Pasqua%202019\/index.html\">Triduo Pasquale 2019<\/a><\/span><\/li>\n<li><a href=\"https:\/\/portosalvosiderno.it\/Immagini\/Immagini%20varie\/Funerale Mons. Cornelio 2019\/index.html\" data-wplink-url-error=\"true\"><span style=\"color: #000000;\">Funerale Mons. Cornelio 2019<\/span><\/a><\/li>\n<\/ul>\n","protected":false},"excerpt":{"rendered":"<p>Pasqua 2012 &nbsp;&nbsp;&nbsp;&nbsp;&nbsp;&nbsp;&nbsp;&nbsp;&nbsp;&nbsp;&nbsp;&nbsp;&nbsp;&nbsp;&nbsp;&nbsp;&nbsp;&nbsp;&nbsp;&nbsp;&nbsp;&nbsp;&nbsp;&nbsp;&nbsp;&nbsp;&nbsp;&nbsp;&nbsp;&nbsp;&nbsp;&nbsp;&nbsp;&nbsp;&nbsp;&nbsp;&nbsp;&nbsp;&nbsp;&nbsp;&nbsp;&nbsp;&nbsp;&nbsp;&nbsp;&nbsp;&nbsp;&nbsp;&nbsp;&nbsp;&nbsp;&nbsp;&nbsp;&nbsp;&nbsp;&nbsp;&nbsp;&nbsp;&nbsp;&nbsp;&nbsp;&nbsp;&nbsp;&nbsp;&nbsp;&nbsp;&nbsp;&nbsp;&nbsp;&nbsp;&nbsp; Gioved\u00ec Santo 2012 Venerd\u00ec Santo 2012 Sabato Santo 2012 Domenica di risurrezione 2012 Pasqua 2013 Gioved\u00ec Santo 2013 Venerd\u00ec Santo 2013 Sabato Santo 2013 Domenica di Pasqua 2013 Immagini varie 2013 50\u00b0 Anniversrio di servizio &#8211; MARIO MELECA (Il Sacrestano) Benedizione degli Zainetti 2013 Pasqua 2014 Gioved\u00ec Santo 2014 Venerd\u00ec Santo 2014 [&hellip;]<\/p>\n","protected":false},"author":10,"featured_media":0,"parent":0,"menu_order":10,"comment_status":"closed","ping_status":"closed","template":"","meta":{"ngg_post_thumbnail":0,"footnotes":""},"_links":{"self":[{"href":"https:\/\/portosalvosiderno.it\/index.php\/wp-json\/wp\/v2\/pages\/109"}],"collection":[{"href":"https:\/\/portosalvosiderno.it\/index.php\/wp-json\/wp\/v2\/pages"}],"about":[{"href":"https:\/\/portosalvosiderno.it\/index.php\/wp-json\/wp\/v2\/types\/page"}],"author":[{"embeddable":true,"href":"https:\/\/portosalvosiderno.it\/index.php\/wp-json\/wp\/v2\/users\/10"}],"replies":[{"embeddable":true,"href":"https:\/\/portosalvosiderno.it\/index.php\/wp-json\/wp\/v2\/comments?post=109"}],"version-history":[{"count":70,"href":"https:\/\/portosalvosiderno.it\/index.php\/wp-json\/wp\/v2\/pages\/109\/revisions"}],"predecessor-version":[{"id":2492,"href":"https:\/\/portosalvosiderno.it\/index.php\/wp-json\/wp\/v2\/pages\/109\/revisions\/2492"}],"wp:attachment":[{"href":"https:\/\/portosalvosiderno.it\/index.php\/wp-json\/wp\/v2\/media?parent=109"}],"curies":[{"name":"wp","href":"https:\/\/api.w.org\/{rel}","templated":true}]}}